{"id":1848,"date":"2020-10-12T13:44:14","date_gmt":"2020-10-12T10:44:14","guid":{"rendered":"https:\/\/forcitexplosives.se\/technical-services\/"},"modified":"2025-03-19T11:07:26","modified_gmt":"2025-03-19T09:07:26","slug":"technical-services","status":"publish","type":"page","link":"https:\/\/forcitexplosives.se\/en\/technical-services\/","title":{"rendered":"Technical services"},"content":{"rendered":"\r\n<div  class=\"hero alignfull break-out\" style=\"background-color: ; color: \">\r\n\r\n    \r\n                            <div class=\"hero__backgroundimage text-center mb-2 mb-sm-0\" style=\"background-image:url(https:\/\/forcitexplosives.se\/wp-content\/uploads\/sites\/10\/2024\/02\/Forcit-Technical-service-web-banner.jpg);\">\r\n                    <div class=\"d-flex justify-content-center align-items-center h-100\">\r\n                    <div class=\"col-12 col-md-10 col-lg-8 col-xl-7\">\r\n                        <h1 class=\"text-white text-uppercase hero__headersizewide\">Technical services<\/h1>\r\n                    <\/div>\r\n                    <\/div>\r\n                <\/div>\r\n            \r\n            \r\n    \r\n<\/div>\r\n<div data-aos=\"fade-up\"  id=\"highlightblock\" class=\"highlightblock pb-5 py-5 break-out\" style=\"background-color: ; color: \">\r\n    <div class=\"container\">\r\n        <div class=\"row position-relative justify-content-md-center\">\r\n            <div class=\"col\" data-aos=\"fade-up\">\r\n                <div class=\"row\">\r\n                    <div class=\"col-12 col-md-8 ps-4 ps-md-3 pe-4 pe-md-5 lead\" data-aos=\"fade-up\" data-aos-delay=\"50\">\r\n                        <h4>When needed, we guide our customers in the use of our products, both by phone and on site. This way, we provide our customers with the necessary information for the correct, appropriate, safe and economical use of the products.<\/h4>\n                    <\/div>\r\n                    <div class=\"col-12 col-md-4 ps-4 ps-md-5\" data-aos=\"fade-up\" data-aos-delay=\"150\">\r\n                                            <\/div>\r\n                <\/div>\r\n            <\/div>\r\n        <\/div>\r\n    <\/div>\r\n<\/div>\n<div style=\"height:40px\" aria-hidden=\"true\" class=\"wp-block-spacer\"><\/div>\n\n<h2 class=\"wp-block-heading\" data-aos=\"fade-up\">Digital detonators: user training &amp; support<\/h2>\n\n<p data-aos=\"fade-up\">In connection with the implementation and use of digital detonators, we work closely with the customer and train the key persons in the use of products. When needed, we are involved in planning, programming and implementation during projects.<\/p>\n\n<div style=\"height:40px\" aria-hidden=\"true\" class=\"wp-block-spacer\"><\/div>\n\n<h2 class=\"wp-block-heading\" data-aos=\"fade-up\">We are strongly involved in developing the safety of our industry<\/h2>\n\n<p data-aos=\"fade-up\">You can order expertise from our Technical Service to optimise blasting work.Fr\u00e5n v\u00e5r tekniska service kan du best\u00e4lla expertis f\u00f6r att optimera spr\u00e4ngningsarbetet. The information we provide also improves the safety of the excavation site. For example, we offer blasting design and excavation optimisation using O-Pitblast software.<\/p>\n\n<div style=\"height:40px\" aria-hidden=\"true\" class=\"wp-block-spacer\"><\/div>\n\n<div class=\"wp-block-group\"><div class=\"wp-block-group__inner-container is-layout-flow wp-block-group-is-layout-flow\">\n<div class=\"wp-block-columns alignwide is-layout-flex wp-container-core-columns-is-layout-1 wp-block-columns-is-layout-flex\">\n<div class=\"wp-block-column is-layout-flow wp-block-column-is-layout-flow\">\n<h2 class=\"wp-block-heading\" data-aos=\"fade-up\">Fordev measurement service<\/h2>\n\n\n\n<p data-aos=\"fade-up\">The measurement service includes a comprehensive analysis of the excavation site as the base for the charging work. During the measurements, both the topography of the site and the drilling result will be checked before starting the charging work. Utilising these, 3D modeling can be used to provide the blaster with an accurate situation analysis of the blasting field to support the planning of the charging work.<\/p>\n<\/div>\n\n\n\n<div class=\"wp-block-column is-layout-flow wp-block-column-is-layout-flow\">\n<figure class=\"wp-block-image size-full is-style-default\" data-aos=\"fade-up\"><img loading=\"lazy\" decoding=\"async\" width=\"300\" height=\"300\" src=\"http:\/\/forcitexplosivesse.forcitgroup.com\/wp-content\/uploads\/sites\/10\/2023\/09\/191015-Forcit-Fordev-web-box-300x300-1.jpg\" alt=\"\" class=\"wp-image-963\" srcset=\"https:\/\/forcitexplosives.se\/wp-content\/uploads\/sites\/10\/2023\/09\/191015-Forcit-Fordev-web-box-300x300-1.jpg 300w, https:\/\/forcitexplosives.se\/wp-content\/uploads\/sites\/10\/2023\/09\/191015-Forcit-Fordev-web-box-300x300-1-150x150.jpg 150w\" sizes=\"(max-width: 300px) 100vw, 300px\" \/><\/figure>\n<\/div>\n<\/div>\n<\/div><\/div>\n\n<div style=\"height:40px\" aria-hidden=\"true\" class=\"wp-block-spacer\"><\/div>\n\n<p data-aos=\"fade-up\">Measurement service includes:<\/p>\n\n<ul class=\"wp-block-list\">\n<li data-aos=\"fade-up\">Hole deviation measurement with Fordev measurement system<\/li>\n\n\n\n<li data-aos=\"fade-up\">wall scanning<\/li>\n\n\n\n<li data-aos=\"fade-up\">locations of holes<\/li>\n\n\n\n<li data-aos=\"fade-up\">reporting from the customer\u2019s excavation site<\/li>\n<\/ul>\n\n<p data-aos=\"fade-up\">Measurements are always done by separate agreement and they are project-specific.<\/p>\n\r\n<div class=\"col\" data-aos=\"fade-up\">\r\n\r\n<\/div>\r\n\r\n<div class=\"contacts pb-3\">\r\n\r\n    \r\n<div class=\"container\">\r\n\r\n    <div class=\"row listContact__highlightboxeswrapper position-relative justify-content-md-center filterable\">\r\n        <div class=\"col\">\r\n            <div class=\"row\">\r\n                \r\n                    <div class=\"col-12 col-md-6 col-lg-4 col-xl-4 py-3 pe-4 filterableItem\" data-aos=\"\" data-aos-delay=\"50\">\r\n\r\n                                                                                    \r\n\r\n                                <div class=\"row\">\r\n                                                                            <div class=\"col-12 col-md-11 col-lg-8\">\r\n                                            \r\n                                        \r\n                                        \r\n                                        \r\n                                        \r\n                                        \r\n                                        \r\n                                        \r\n                                        \r\n                                    <\/div>\r\n                                <\/div>\r\n\r\n\r\n                        \r\n                    \r\n                    <\/div>\r\n\r\n                                <\/div>\r\n        <\/div>\r\n    <\/div>\r\n\r\n<\/div>\r\n\r\n    \r\n<\/div>\n<div style=\"height:40px\" aria-hidden=\"true\" class=\"wp-block-spacer\"><\/div>\n\n<div class=\"wp-block-media-text alignwide has-media-on-the-right is-stacked-on-mobile is-image-fill alignfull\" data-aos=\"fade-up\"><div class=\"wp-block-media-text__content\">\n<h2 class=\"wp-block-heading\" data-aos=\"fade-up\" data-aos-delay=\"50\">Storage and licensing<\/h2>\n\n\n\n<p data-aos=\"fade-up\" data-aos-delay=\"100\">We provide our customers with storage services on our stations to improve sequrity. You can also rent explosive containers suitable for site storage.<\/p>\n\n\n\n<p data-aos=\"fade-up\" data-aos-delay=\"100\">We also support our customers in their own storage licensing processes.<\/p>\n\n\n\n<div class=\"wp-block-buttons is-layout-flex wp-block-buttons-is-layout-flex\">\n<div class=\"wp-block-button\" data-aos=\"fade-up\" data-aos-delay=\"150\"><a class=\"wp-block-button__link wp-element-button\" href=\"https:\/\/forcitexplosives.se\/lagring-och-licensiering\/\" style=\"border-radius:0px\">Read more<\/a><\/div>\n<\/div>\n<\/div><figure class=\"wp-block-media-text__media\" style=\"background-image:url(https:\/\/forcitexplosives.se\/wp-content\/uploads\/sites\/10\/2020\/10\/Kuvablokki8.jpg);background-position:50% 50%\"><img loading=\"lazy\" decoding=\"async\" width=\"960\" height=\"640\" src=\"https:\/\/forcitexplosives.se\/wp-content\/uploads\/sites\/10\/2020\/10\/Kuvablokki8.jpg\" alt=\"\" class=\"wp-image-199 size-full\" srcset=\"https:\/\/forcitexplosives.se\/wp-content\/uploads\/sites\/10\/2020\/10\/Kuvablokki8.jpg 960w, https:\/\/forcitexplosives.se\/wp-content\/uploads\/sites\/10\/2020\/10\/Kuvablokki8-300x200.jpg 300w, https:\/\/forcitexplosives.se\/wp-content\/uploads\/sites\/10\/2020\/10\/Kuvablokki8-768x512.jpg 768w\" sizes=\"(max-width: 960px) 100vw, 960px\" \/><\/figure><\/div>\n\n<div style=\"height:40px\" aria-hidden=\"true\" class=\"wp-block-spacer\"><\/div>\n\n<div class=\"wp-block-media-text alignwide is-stacked-on-mobile is-image-fill alignfull\" data-aos=\"fade-up\"><figure class=\"wp-block-media-text__media\" style=\"background-image:url(https:\/\/forcitexplosives.se\/wp-content\/uploads\/sites\/10\/2024\/07\/bestallare_2-1024x682.jpg);background-position:59% 48%\"><img loading=\"lazy\" decoding=\"async\" width=\"1024\" height=\"682\" src=\"https:\/\/forcitexplosives.se\/wp-content\/uploads\/sites\/10\/2024\/07\/bestallare_2-1024x682.jpg\" alt=\"\" class=\"wp-image-1449 size-full\" srcset=\"https:\/\/forcitexplosives.se\/wp-content\/uploads\/sites\/10\/2024\/07\/bestallare_2-1024x682.jpg 1024w, https:\/\/forcitexplosives.se\/wp-content\/uploads\/sites\/10\/2024\/07\/bestallare_2-300x200.jpg 300w, https:\/\/forcitexplosives.se\/wp-content\/uploads\/sites\/10\/2024\/07\/bestallare_2-768x511.jpg 768w, https:\/\/forcitexplosives.se\/wp-content\/uploads\/sites\/10\/2024\/07\/bestallare_2-1536x1022.jpg 1536w, https:\/\/forcitexplosives.se\/wp-content\/uploads\/sites\/10\/2024\/07\/bestallare_2.jpg 1920w\" sizes=\"(max-width: 1024px) 100vw, 1024px\" \/><\/figure><div class=\"wp-block-media-text__content\">\n<h2 class=\"wp-block-heading\" data-aos=\"fade-up\" data-aos-delay=\"50\">Training and co-operation<\/h2>\n\n\n\n<p data-aos=\"fade-up\" data-aos-delay=\"100\">We are actively involved in training people who come to the industry as well as those who are already working in the industry. We also work closely with various educational institutions.<\/p>\n\n\n\n<p data-aos=\"fade-up\" data-aos-delay=\"100\">You will find all the training you need from us both to maintain your professional skills and to learn something new.<\/p>\n\n\n\n<div class=\"wp-block-buttons is-layout-flex wp-block-buttons-is-layout-flex\">\n<div class=\"wp-block-button\" data-aos=\"fade-up\" data-aos-delay=\"150\"><a class=\"wp-block-button__link wp-element-button\" href=\"https:\/\/forcitexplosives.se\/en\/training-and-cooperation\/\" style=\"border-radius:0px\">Read more<\/a><\/div>\n<\/div>\n<\/div><\/div>\n","protected":false},"excerpt":{"rendered":"<p>Digital detonators: user training &amp; support In connection with the implementation and use of digital detonators, we work closely with the customer and train the key persons in the use of products. When needed, we are involved in planning, programming and implementation during projects. We are strongly involved in developing the safety of our industry [&#8230;]<\/p>\n<p><a class=\"btn btn-secondary understrap-read-more-link\" href=\"https:\/\/forcitexplosives.se\/en\/technical-services\/\">Read More&#8230;<span class=\"screen-reader-text\"> from Technical services<\/span><\/a><\/p>\n","protected":false},"author":1,"featured_media":0,"parent":0,"menu_order":0,"comment_status":"closed","ping_status":"closed","template":"","meta":{"_acf_changed":false,"_monsterinsights_skip_tracking":false,"_monsterinsights_sitenote_active":false,"_monsterinsights_sitenote_note":"","_monsterinsights_sitenote_category":0,"footnotes":""},"class_list":["post-1848","page","type-page","status-publish","hentry"],"acf":[],"_links":{"self":[{"href":"https:\/\/forcitexplosives.se\/en\/wp-json\/wp\/v2\/pages\/1848"}],"collection":[{"href":"https:\/\/forcitexplosives.se\/en\/wp-json\/wp\/v2\/pages"}],"about":[{"href":"https:\/\/forcitexplosives.se\/en\/wp-json\/wp\/v2\/types\/page"}],"author":[{"embeddable":true,"href":"https:\/\/forcitexplosives.se\/en\/wp-json\/wp\/v2\/users\/1"}],"replies":[{"embeddable":true,"href":"https:\/\/forcitexplosives.se\/en\/wp-json\/wp\/v2\/comments?post=1848"}],"version-history":[{"count":0,"href":"https:\/\/forcitexplosives.se\/en\/wp-json\/wp\/v2\/pages\/1848\/revisions"}],"wp:attachment":[{"href":"https:\/\/forcitexplosives.se\/en\/wp-json\/wp\/v2\/media?parent=1848"}],"curies":[{"name":"wp","href":"https:\/\/api.w.org\/{rel}","templated":true}]}}